{"id":952,"date":"2024-06-26T13:12:56","date_gmt":"2024-06-26T11:12:56","guid":{"rendered":"https:\/\/novopayment.sk\/?post_type=product&#038;p=952"},"modified":"2026-02-05T13:25:26","modified_gmt":"2026-02-05T12:25:26","slug":"pax-a80","status":"publish","type":"product","link":"https:\/\/novopayment.sk\/sk\/termek\/pax-a80\/","title":{"rendered":"Pax A80"},"content":{"rendered":"<p>Stolov\u00fd POS termin\u00e1l novej gener\u00e1cie. R\u00fdchly, modern\u00fd a pohodln\u00fd na pou\u017e\u00edvanie<\/p>\n","protected":false},"excerpt":{"rendered":"<p>Stolov\u00fd POS termin\u00e1l novej gener\u00e1cie. R\u00fdchly, modern\u00fd a pohodln\u00fd na  [&#8230;]<\/p>\n","protected":false},"featured_media":39052,"template":"","meta":{"_acf_changed":false},"product_brand":[],"product_cat":[],"product_tag":[],"class_list":{"0":"post-952","1":"product","2":"type-product","3":"status-publish","4":"has-post-thumbnail","7":"first","8":"instock","9":"shipping-taxable","10":"purchasable","11":"product-type-simple"},"acf":[],"yoast_head":"<!-- This site is optimized with the Yoast SEO plugin v26.6 - https:\/\/yoast.com\/wordpress\/plugins\/seo\/ -->\n<title>Pax A80 - Novopayment | POS termin\u00e1l a online platobn\u00e9 rie\u0161enia<\/title>\n<meta name=\"robots\" content=\"index, follow, max-snippet:-1, max-image-preview:large, max-video-preview:-1\" \/>\n<link rel=\"canonical\" href=\"https:\/\/novopayment.sk\/sk\/termek\/pax-a80\/\" \/>\n<meta property=\"og:locale\" content=\"sk_SK\" \/>\n<meta property=\"og:type\" content=\"article\" \/>\n<meta property=\"og:title\" content=\"Pax A80 - Novopayment | POS termin\u00e1l a online platobn\u00e9 rie\u0161enia\" \/>\n<meta property=\"og:description\" content=\"Stolov\u00fd POS termin\u00e1l novej gener\u00e1cie. R\u00fdchly, modern\u00fd a pohodln\u00fd na [...]\" \/>\n<meta property=\"og:url\" content=\"https:\/\/novopayment.sk\/sk\/termek\/pax-a80\/\" \/>\n<meta property=\"og:site_name\" content=\"Novopayment | POS termin\u00e1l a online platobn\u00e9 rie\u0161enia\" \/>\n<meta property=\"article:modified_time\" content=\"2026-02-05T12:25:26+00:00\" \/>\n<meta property=\"og:image\" content=\"https:\/\/novopayment.sk\/wp-content\/uploads\/2024\/06\/pax-A80.png\" \/>\n\t<meta property=\"og:image:width\" content=\"808\" \/>\n\t<meta property=\"og:image:height\" content=\"640\" \/>\n\t<meta property=\"og:image:type\" content=\"image\/png\" \/>\n<meta name=\"twitter:card\" content=\"summary_large_image\" \/>\n<meta name=\"twitter:label1\" content=\"Predpokladan\u00fd \u010das \u010d\u00edtania\" \/>\n\t<meta name=\"twitter:data1\" content=\"1 min\u00fata\" \/>\n<script type=\"application\/ld+json\" class=\"yoast-schema-graph\">{\"@context\":\"https:\/\/schema.org\",\"@graph\":[{\"@type\":\"WebPage\",\"@id\":\"https:\/\/novopayment.sk\/sk\/termek\/pax-a80\/\",\"url\":\"https:\/\/novopayment.sk\/sk\/termek\/pax-a80\/\",\"name\":\"Pax A80 - Novopayment | POS termin\u00e1l a online platobn\u00e9 rie\u0161enia\",\"isPartOf\":{\"@id\":\"https:\/\/novopayment.sk\/sk\/#website\"},\"primaryImageOfPage\":{\"@id\":\"https:\/\/novopayment.sk\/sk\/termek\/pax-a80\/#primaryimage\"},\"image\":{\"@id\":\"https:\/\/novopayment.sk\/sk\/termek\/pax-a80\/#primaryimage\"},\"thumbnailUrl\":\"https:\/\/novopayment.sk\/wp-content\/uploads\/2024\/06\/pax-A80.png\",\"datePublished\":\"2024-06-26T11:12:56+00:00\",\"dateModified\":\"2026-02-05T12:25:26+00:00\",\"breadcrumb\":{\"@id\":\"https:\/\/novopayment.sk\/sk\/termek\/pax-a80\/#breadcrumb\"},\"inLanguage\":\"sk-SK\",\"potentialAction\":[{\"@type\":\"ReadAction\",\"target\":[\"https:\/\/novopayment.sk\/sk\/termek\/pax-a80\/\"]}]},{\"@type\":\"ImageObject\",\"inLanguage\":\"sk-SK\",\"@id\":\"https:\/\/novopayment.sk\/sk\/termek\/pax-a80\/#primaryimage\",\"url\":\"https:\/\/novopayment.sk\/wp-content\/uploads\/2024\/06\/pax-A80.png\",\"contentUrl\":\"https:\/\/novopayment.sk\/wp-content\/uploads\/2024\/06\/pax-A80.png\",\"width\":808,\"height\":640},{\"@type\":\"BreadcrumbList\",\"@id\":\"https:\/\/novopayment.sk\/sk\/termek\/pax-a80\/#breadcrumb\",\"itemListElement\":[{\"@type\":\"ListItem\",\"position\":1,\"name\":\"Kezd\u0151lap\",\"item\":\"https:\/\/novopayment.sk\/sk\/\"},{\"@type\":\"ListItem\",\"position\":2,\"name\":\"POS Terminal\",\"item\":\"https:\/\/novopayment.sk\/sk\/pos-terminal\/\"},{\"@type\":\"ListItem\",\"position\":3,\"name\":\"Pax A80\"}]},{\"@type\":\"WebSite\",\"@id\":\"https:\/\/novopayment.sk\/sk\/#website\",\"url\":\"https:\/\/novopayment.sk\/sk\/\",\"name\":\"Novopayment | POS termin\u00e1l \u00e9s online fizet\u00e9si megold\u00e1sok\",\"description\":\"\",\"publisher\":{\"@id\":\"https:\/\/novopayment.sk\/sk\/#organization\"},\"potentialAction\":[{\"@type\":\"SearchAction\",\"target\":{\"@type\":\"EntryPoint\",\"urlTemplate\":\"https:\/\/novopayment.sk\/sk\/?s={search_term_string}\"},\"query-input\":{\"@type\":\"PropertyValueSpecification\",\"valueRequired\":true,\"valueName\":\"search_term_string\"}}],\"inLanguage\":\"sk-SK\"},{\"@type\":\"Organization\",\"@id\":\"https:\/\/novopayment.sk\/sk\/#organization\",\"name\":\"Novopayment | POS termin\u00e1l \u00e9s online fizet\u00e9si megold\u00e1sok\",\"url\":\"https:\/\/novopayment.sk\/sk\/\",\"logo\":{\"@type\":\"ImageObject\",\"inLanguage\":\"sk-SK\",\"@id\":\"https:\/\/novopayment.sk\/sk\/#\/schema\/logo\/image\/\",\"url\":\"https:\/\/novopayment.sk\/wp-content\/uploads\/2024\/06\/novopayment_logo_default.png\",\"contentUrl\":\"https:\/\/novopayment.sk\/wp-content\/uploads\/2024\/06\/novopayment_logo_default.png\",\"width\":124,\"height\":40,\"caption\":\"Novopayment | POS termin\u00e1l \u00e9s online fizet\u00e9si megold\u00e1sok\"},\"image\":{\"@id\":\"https:\/\/novopayment.sk\/sk\/#\/schema\/logo\/image\/\"}}]}<\/script>\n<!-- \/ Yoast SEO plugin. -->","yoast_head_json":{"title":"Pax A80 - Novopayment | POS termin\u00e1l a online platobn\u00e9 rie\u0161enia","robots":{"index":"index","follow":"follow","max-snippet":"max-snippet:-1","max-image-preview":"max-image-preview:large","max-video-preview":"max-video-preview:-1"},"canonical":"https:\/\/novopayment.sk\/sk\/termek\/pax-a80\/","og_locale":"sk_SK","og_type":"article","og_title":"Pax A80 - Novopayment | POS termin\u00e1l a online platobn\u00e9 rie\u0161enia","og_description":"Stolov\u00fd POS termin\u00e1l novej gener\u00e1cie. R\u00fdchly, modern\u00fd a pohodln\u00fd na [...]","og_url":"https:\/\/novopayment.sk\/sk\/termek\/pax-a80\/","og_site_name":"Novopayment | POS termin\u00e1l a online platobn\u00e9 rie\u0161enia","article_modified_time":"2026-02-05T12:25:26+00:00","og_image":[{"width":808,"height":640,"url":"https:\/\/novopayment.sk\/wp-content\/uploads\/2024\/06\/pax-A80.png","type":"image\/png"}],"twitter_card":"summary_large_image","twitter_misc":{"Predpokladan\u00fd \u010das \u010d\u00edtania":"1 min\u00fata"},"schema":{"@context":"https:\/\/schema.org","@graph":[{"@type":"WebPage","@id":"https:\/\/novopayment.sk\/sk\/termek\/pax-a80\/","url":"https:\/\/novopayment.sk\/sk\/termek\/pax-a80\/","name":"Pax A80 - Novopayment | POS termin\u00e1l a online platobn\u00e9 rie\u0161enia","isPartOf":{"@id":"https:\/\/novopayment.sk\/sk\/#website"},"primaryImageOfPage":{"@id":"https:\/\/novopayment.sk\/sk\/termek\/pax-a80\/#primaryimage"},"image":{"@id":"https:\/\/novopayment.sk\/sk\/termek\/pax-a80\/#primaryimage"},"thumbnailUrl":"https:\/\/novopayment.sk\/wp-content\/uploads\/2024\/06\/pax-A80.png","datePublished":"2024-06-26T11:12:56+00:00","dateModified":"2026-02-05T12:25:26+00:00","breadcrumb":{"@id":"https:\/\/novopayment.sk\/sk\/termek\/pax-a80\/#breadcrumb"},"inLanguage":"sk-SK","potentialAction":[{"@type":"ReadAction","target":["https:\/\/novopayment.sk\/sk\/termek\/pax-a80\/"]}]},{"@type":"ImageObject","inLanguage":"sk-SK","@id":"https:\/\/novopayment.sk\/sk\/termek\/pax-a80\/#primaryimage","url":"https:\/\/novopayment.sk\/wp-content\/uploads\/2024\/06\/pax-A80.png","contentUrl":"https:\/\/novopayment.sk\/wp-content\/uploads\/2024\/06\/pax-A80.png","width":808,"height":640},{"@type":"BreadcrumbList","@id":"https:\/\/novopayment.sk\/sk\/termek\/pax-a80\/#breadcrumb","itemListElement":[{"@type":"ListItem","position":1,"name":"Kezd\u0151lap","item":"https:\/\/novopayment.sk\/sk\/"},{"@type":"ListItem","position":2,"name":"POS Terminal","item":"https:\/\/novopayment.sk\/sk\/pos-terminal\/"},{"@type":"ListItem","position":3,"name":"Pax A80"}]},{"@type":"WebSite","@id":"https:\/\/novopayment.sk\/sk\/#website","url":"https:\/\/novopayment.sk\/sk\/","name":"Novopayment | POS termin\u00e1l \u00e9s online fizet\u00e9si megold\u00e1sok","description":"","publisher":{"@id":"https:\/\/novopayment.sk\/sk\/#organization"},"potentialAction":[{"@type":"SearchAction","target":{"@type":"EntryPoint","urlTemplate":"https:\/\/novopayment.sk\/sk\/?s={search_term_string}"},"query-input":{"@type":"PropertyValueSpecification","valueRequired":true,"valueName":"search_term_string"}}],"inLanguage":"sk-SK"},{"@type":"Organization","@id":"https:\/\/novopayment.sk\/sk\/#organization","name":"Novopayment | POS termin\u00e1l \u00e9s online fizet\u00e9si megold\u00e1sok","url":"https:\/\/novopayment.sk\/sk\/","logo":{"@type":"ImageObject","inLanguage":"sk-SK","@id":"https:\/\/novopayment.sk\/sk\/#\/schema\/logo\/image\/","url":"https:\/\/novopayment.sk\/wp-content\/uploads\/2024\/06\/novopayment_logo_default.png","contentUrl":"https:\/\/novopayment.sk\/wp-content\/uploads\/2024\/06\/novopayment_logo_default.png","width":124,"height":40,"caption":"Novopayment | POS termin\u00e1l \u00e9s online fizet\u00e9si megold\u00e1sok"},"image":{"@id":"https:\/\/novopayment.sk\/sk\/#\/schema\/logo\/image\/"}}]}},"_links":{"self":[{"href":"https:\/\/novopayment.sk\/sk\/wp-json\/wp\/v2\/product\/952","targetHints":{"allow":["GET"]}}],"collection":[{"href":"https:\/\/novopayment.sk\/sk\/wp-json\/wp\/v2\/product"}],"about":[{"href":"https:\/\/novopayment.sk\/sk\/wp-json\/wp\/v2\/types\/product"}],"wp:featuredmedia":[{"embeddable":true,"href":"https:\/\/novopayment.sk\/sk\/wp-json\/wp\/v2\/media\/39052"}],"wp:attachment":[{"href":"https:\/\/novopayment.sk\/sk\/wp-json\/wp\/v2\/media?parent=952"}],"wp:term":[{"taxonomy":"product_brand","embeddable":true,"href":"https:\/\/novopayment.sk\/sk\/wp-json\/wp\/v2\/product_brand?post=952"},{"taxonomy":"product_cat","embeddable":true,"href":"https:\/\/novopayment.sk\/sk\/wp-json\/wp\/v2\/product_cat?post=952"},{"taxonomy":"product_tag","embeddable":true,"href":"https:\/\/novopayment.sk\/sk\/wp-json\/wp\/v2\/product_tag?post=952"}],"curies":[{"name":"wp","href":"https:\/\/api.w.org\/{rel}","templated":true}]}}